{"id":1326,"date":"2025-09-16T02:58:08","date_gmt":"2025-09-16T02:58:08","guid":{"rendered":"https:\/\/luxenest.sva.la-studioweb.com\/?page_id=1326"},"modified":"2025-11-26T09:34:29","modified_gmt":"2025-11-26T09:34:29","slug":"luxenest-our-services","status":"publish","type":"page","link":"https:\/\/mozsharpen.co.mz\/?page_id=1326","title":{"rendered":"Nossos servicos"},"content":{"rendered":"\t\t<div data-elementor-type=\"wp-page\" data-elementor-id=\"1326\" class=\"elementor elementor-1326\">\n\t\t\t\t<div class=\"elementor-element elementor-element-6d9591a e-flex e-con-boxed lakit-col-width-auto-no e-container e-root-container elementor-top-section e-con e-parent\" data-id=\"6d9591a\" data-element_type=\"container\" data-settings=\"{&quot;background_background&quot;:&quot;classic&quot;}\">\n\t\t\t\t\t<div class=\"e-con-inner\">\n\t\t\t\t<div class=\"elementor-element elementor-element-772914a elementor-widget__width-initial elementor-widget-tablet__width-initial elementor-widget elementor-widget-heading\" data-id=\"772914a\" data-element_type=\"widget\" data-widget_type=\"heading.default\">\n\t\t\t\t\t<h1 class=\"elementor-heading-title elementor-size-default\">N\u00f3s cuidamos da sua madeira...<\/h1>\t\t\t\t<\/div>\n\t\t\t\t\t<\/div>\n\t\t\t\t<\/div>\n\t\t<div class=\"elementor-element elementor-element-4307909 e-con-full e-flex lakit-col-width-auto-no e-container e-root-container elementor-top-section e-con e-parent\" data-id=\"4307909\" data-element_type=\"container\">\n\t\t<div class=\"elementor-element elementor-element-d2f27e8 e-con-full e-flex lakit-col-width-auto-no elementor-invisible e-container e-con e-child\" data-id=\"d2f27e8\" data-element_type=\"container\" data-settings=\"{&quot;background_background&quot;:&quot;classic&quot;,&quot;animation&quot;:&quot;lakitShortFadeInUp&quot;,&quot;animation_delay&quot;:200}\">\n\t\t\t\t<div class=\"elementor-element elementor-element-b1954d5 elementor-widget__width-initial elementor-widget elementor-widget-heading\" data-id=\"b1954d5\" data-element_type=\"widget\" data-widget_type=\"heading.default\">\n\t\t\t\t\t<h2 class=\"elementor-heading-title elementor-size-default\">Fornecimento de Tintas e Prim\u00e1rios<\/h2>\t\t\t\t<\/div>\n\t\t<div class=\"elementor-element elementor-element-5702be8 e-con-full e-flex lakit-col-width-auto-no e-container e-con e-child\" data-id=\"5702be8\" data-element_type=\"container\">\n\t\t\t\t<div class=\"elementor-element elementor-element-913214e elementor-widget elementor-widget-text-editor\" data-id=\"913214e\" data-element_type=\"widget\" data-widget_type=\"text-editor.default\">\n\t\t\t\t\t\t\t\t\t<p>Trabalhamos com <strong data-start=\"922\" data-end=\"963\">tintas e prim\u00e1rios de alto desempenho<\/strong>, fabricados em Portugal e adaptados ao clima tropical mo\u00e7ambicano.<br data-start=\"1030\" data-end=\"1033\" \/>Tintas mate, acetinadas e brilhantes<br data-start=\"1071\" data-end=\"1074\" \/>Prim\u00e1rios selantes e ecol\u00f3gicos<br data-start=\"1107\" data-end=\"1110\" \/>Produtos resistentes \u00e0 humidade, sol e fungos<\/p>\t\t\t\t\t\t\t\t<\/div>\n\t\t\t\t<div class=\"elementor-element elementor-element-f4aa54c elementor-widget lastudio-kit elementor-lakit-button\" data-id=\"f4aa54c\" data-element_type=\"widget\" data-swiper-parallax-x=\"-40%\" data-swiper-parallax-duration=\"900\" data-widget_type=\"lakit-button.default\">\n\t\t\t\t\t        <a href=\"https:\/\/mozsharpen.co.mz\/web\/?page_id=1349\" class=\"elementor-button-link elementor-button elementor-btn-align-icon-right elementor-size-sm\" role=\"button\">\n                    <span class=\"elementor-button-content-wrapper\">\n\t\t\t                <span class=\"elementor-button-icon\">\n\t\t\t\t<svg xmlns=\"http:\/\/www.w3.org\/2000\/svg\" width=\"300\" height=\"300\" viewBox=\"0 0 300 300\" class=\"lakit-font-icon-svg\" data-icon-name=\"right-arrow\" data-icon-type=\"LaStudioIcons\"><path d=\"M87.6 292.8l-17.7-17.7L194.7 150 69.9 24.9 87.6 7.2 221.4 141c4.8 5.1 4.8 12.9 0 17.7L87.6 292.8z\" fill=\"currentColor\"\/><\/svg>\t\t\t<\/span>\n            \t\t\t<span class=\"elementor-button-text\">Entrar em Contacto<\/span>\n\t\t<\/span>\n                <\/a>\n        \t\t\t\t<\/div>\n\t\t\t\t<\/div>\n\t\t\t\t<\/div>\n\t\t<div class=\"elementor-element elementor-element-eb1c6a5 e-con-full e-flex lakit-col-width-auto-no elementor-invisible e-container e-con e-child\" data-id=\"eb1c6a5\" data-element_type=\"container\" data-settings=\"{&quot;background_background&quot;:&quot;classic&quot;,&quot;animation&quot;:&quot;lakitShortFadeInUp&quot;,&quot;animation_delay&quot;:200}\">\n\t\t\t\t<div class=\"elementor-element elementor-element-acbd40b elementor-widget__width-initial elementor-widget elementor-widget-heading\" data-id=\"acbd40b\" data-element_type=\"widget\" data-widget_type=\"heading.default\">\n\t\t\t\t\t<h2 class=\"elementor-heading-title elementor-size-default\">Revestimento e Prote\u00e7\u00e3o de Madeiras<\/h2>\t\t\t\t<\/div>\n\t\t<div class=\"elementor-element elementor-element-e097174 e-con-full e-flex lakit-col-width-auto-no e-container e-con e-child\" data-id=\"e097174\" data-element_type=\"container\">\n\t\t\t\t<div class=\"elementor-element elementor-element-d291813 elementor-widget elementor-widget-text-editor\" data-id=\"d291813\" data-element_type=\"widget\" data-widget_type=\"text-editor.default\">\n\t\t\t\t\t\t\t\t\t<p data-start=\"2156\" data-end=\"2386\">Aplica\u00e7\u00e3o de prim\u00e1rios e vernizes<br data-start=\"2299\" data-end=\"2302\" \/>Corre\u00e7\u00e3o de imperfei\u00e7\u00f5es e lixamento<br data-start=\"2340\" data-end=\"2343\" \/>Selagem e acabamento final profissional<\/p>\t\t\t\t\t\t\t\t<\/div>\n\t\t\t\t<div class=\"elementor-element elementor-element-422000e elementor-widget lastudio-kit elementor-lakit-button\" data-id=\"422000e\" data-element_type=\"widget\" data-swiper-parallax-x=\"-40%\" data-swiper-parallax-duration=\"900\" data-widget_type=\"lakit-button.default\">\n\t\t\t\t\t        <a href=\"https:\/\/mozsharpen.co.mz\/web\/?page_id=1349\" class=\"elementor-button-link elementor-button elementor-btn-align-icon-right elementor-size-sm\" role=\"button\">\n                    <span class=\"elementor-button-content-wrapper\">\n\t\t\t                <span class=\"elementor-button-icon\">\n\t\t\t\t<svg xmlns=\"http:\/\/www.w3.org\/2000\/svg\" width=\"300\" height=\"300\" viewBox=\"0 0 300 300\" class=\"lakit-font-icon-svg\" data-icon-name=\"right-arrow\" data-icon-type=\"LaStudioIcons\"><path d=\"M87.6 292.8l-17.7-17.7L194.7 150 69.9 24.9 87.6 7.2 221.4 141c4.8 5.1 4.8 12.9 0 17.7L87.6 292.8z\" fill=\"currentColor\"\/><\/svg>\t\t\t<\/span>\n            \t\t\t<span class=\"elementor-button-text\">Entrar em contacto<\/span>\n\t\t<\/span>\n                <\/a>\n        \t\t\t\t<\/div>\n\t\t\t\t<\/div>\n\t\t\t\t<\/div>\n\t\t<div class=\"elementor-element elementor-element-49c4387 e-con-full e-flex lakit-col-width-auto-no elementor-invisible e-container e-con e-child\" data-id=\"49c4387\" data-element_type=\"container\" data-settings=\"{&quot;background_background&quot;:&quot;classic&quot;,&quot;animation&quot;:&quot;lakitShortFadeInUp&quot;,&quot;animation_delay&quot;:200}\">\n\t\t\t\t<div class=\"elementor-element elementor-element-32da880 elementor-widget__width-initial elementor-widget elementor-widget-heading\" data-id=\"32da880\" data-element_type=\"widget\" data-widget_type=\"heading.default\">\n\t\t\t\t\t<h2 class=\"elementor-heading-title elementor-size-default\">Inspe\u00e7\u00e3o e Recupera\u00e7\u00e3o de Superf\u00edcies<\/h2>\t\t\t\t<\/div>\n\t\t<div class=\"elementor-element elementor-element-3fa7fc8 e-con-full e-flex lakit-col-width-auto-no e-container e-con e-child\" data-id=\"3fa7fc8\" data-element_type=\"container\">\n\t\t\t\t<div class=\"elementor-element elementor-element-d96b89a elementor-widget elementor-widget-text-editor\" data-id=\"d96b89a\" data-element_type=\"widget\" data-widget_type=\"text-editor.default\">\n\t\t\t\t\t\t\t\t\t<p>Avalia\u00e7\u00e3o t\u00e9cnica gratuita<br data-start=\"2565\" data-end=\"2568\" \/>Recupera\u00e7\u00e3o de cor e brilho<br data-start=\"2597\" data-end=\"2600\" \/>Tratamento contra fungos e humidade<\/p>\t\t\t\t\t\t\t\t<\/div>\n\t\t\t\t<div class=\"elementor-element elementor-element-140321e elementor-widget lastudio-kit elementor-lakit-button\" data-id=\"140321e\" data-element_type=\"widget\" data-swiper-parallax-x=\"-40%\" data-swiper-parallax-duration=\"900\" data-widget_type=\"lakit-button.default\">\n\t\t\t\t\t        <a href=\"https:\/\/mozsharpen.co.mz\/web\/?page_id=1349\" class=\"elementor-button-link elementor-button elementor-btn-align-icon-right elementor-size-sm\" role=\"button\">\n                    <span class=\"elementor-button-content-wrapper\">\n\t\t\t                <span class=\"elementor-button-icon\">\n\t\t\t\t<svg xmlns=\"http:\/\/www.w3.org\/2000\/svg\" width=\"300\" height=\"300\" viewBox=\"0 0 300 300\" class=\"lakit-font-icon-svg\" data-icon-name=\"right-arrow\" data-icon-type=\"LaStudioIcons\"><path d=\"M87.6 292.8l-17.7-17.7L194.7 150 69.9 24.9 87.6 7.2 221.4 141c4.8 5.1 4.8 12.9 0 17.7L87.6 292.8z\" fill=\"currentColor\"\/><\/svg>\t\t\t<\/span>\n            \t\t\t<span class=\"elementor-button-text\">Entrar em contacto<\/span>\n\t\t<\/span>\n                <\/a>\n        \t\t\t\t<\/div>\n\t\t\t\t<\/div>\n\t\t\t\t<\/div>\n\t\t<div class=\"elementor-element elementor-element-eb4c78a e-con-full e-flex lakit-col-width-auto-no elementor-invisible e-container e-con e-child\" data-id=\"eb4c78a\" data-element_type=\"container\" data-settings=\"{&quot;background_background&quot;:&quot;classic&quot;,&quot;animation&quot;:&quot;lakitShortFadeInUp&quot;,&quot;animation_delay&quot;:200}\">\n\t\t\t\t<div class=\"elementor-element elementor-element-47076b6 elementor-widget__width-initial elementor-widget elementor-widget-heading\" data-id=\"47076b6\" data-element_type=\"widget\" data-widget_type=\"heading.default\">\n\t\t\t\t\t<h2 class=\"elementor-heading-title elementor-size-default\">Desenvolvimento de Cores e Amostras<\/h2>\t\t\t\t<\/div>\n\t\t<div class=\"elementor-element elementor-element-15f7f37 e-con-full e-flex lakit-col-width-auto-no e-container e-con e-child\" data-id=\"15f7f37\" data-element_type=\"container\">\n\t\t\t\t<div class=\"elementor-element elementor-element-51170e0 elementor-widget elementor-widget-text-editor\" data-id=\"51170e0\" data-element_type=\"widget\" data-widget_type=\"text-editor.default\">\n\t\t\t\t\t\t\t\t\t<p>Combina\u00e7\u00e3o sob medida de pigmentos<br data-start=\"2828\" data-end=\"2831\" \/>Testes de ader\u00eancia e acabamento<br data-start=\"2865\" data-end=\"2868\" \/>Cria\u00e7\u00e3o de paletas exclusivas para marcas<\/p>\t\t\t\t\t\t\t\t<\/div>\n\t\t\t\t<div class=\"elementor-element elementor-element-cd52731 elementor-widget lastudio-kit elementor-lakit-button\" data-id=\"cd52731\" data-element_type=\"widget\" data-swiper-parallax-x=\"-40%\" data-swiper-parallax-duration=\"900\" data-widget_type=\"lakit-button.default\">\n\t\t\t\t\t        <a href=\"https:\/\/mozsharpen.co.mz\/web\/?page_id=1349\" class=\"elementor-button-link elementor-button elementor-btn-align-icon-right elementor-size-sm\" role=\"button\">\n                    <span class=\"elementor-button-content-wrapper\">\n\t\t\t                <span class=\"elementor-button-icon\">\n\t\t\t\t<svg xmlns=\"http:\/\/www.w3.org\/2000\/svg\" width=\"300\" height=\"300\" viewBox=\"0 0 300 300\" class=\"lakit-font-icon-svg\" data-icon-name=\"right-arrow\" data-icon-type=\"LaStudioIcons\"><path d=\"M87.6 292.8l-17.7-17.7L194.7 150 69.9 24.9 87.6 7.2 221.4 141c4.8 5.1 4.8 12.9 0 17.7L87.6 292.8z\" fill=\"currentColor\"\/><\/svg>\t\t\t<\/span>\n            \t\t\t<span class=\"elementor-button-text\">Entrar em contacto<\/span>\n\t\t<\/span>\n                <\/a>\n        \t\t\t\t<\/div>\n\t\t\t\t<\/div>\n\t\t\t\t<\/div>\n\t\t\t\t<\/div>\n\t\t<div class=\"elementor-element elementor-element-fa839f2 e-flex e-con-boxed lakit-col-width-auto-no e-container e-root-container elementor-top-section e-con e-parent\" data-id=\"fa839f2\" data-element_type=\"container\">\n\t\t\t\t\t<div class=\"e-con-inner\">\n\t\t\t\t<div class=\"elementor-element elementor-element-288afd4 elementor-widget elementor-widget-spacer\" data-id=\"288afd4\" data-element_type=\"widget\" data-widget_type=\"spacer.default\">\n\t\t\t\t\t\t\t<div class=\"elementor-spacer\">\n\t\t\t<div class=\"elementor-spacer-inner\"><\/div>\n\t\t<\/div>\n\t\t\t\t\t\t<\/div>\n\t\t\t\t\t<\/div>\n\t\t\t\t<\/div>\n\t\t\t\t<\/div>\n\t\t","protected":false},"excerpt":{"rendered":"<p>N\u00f3s cuidamos da sua madeira&#8230; Fornecimento de Tintas e Prim\u00e1rios Trabalhamos com tintas e prim\u00e1rios de alto desempenho, fabricados em Portugal e adaptados ao clima tropical mo\u00e7ambicano.Tintas mate, acetinadas e brilhantesPrim\u00e1rios selantes e ecol\u00f3gicosProdutos resistentes \u00e0 humidade, sol e fungos Entrar em Contacto Revestimento e Prote\u00e7\u00e3o de Madeiras Aplica\u00e7\u00e3o de&hellip;<\/p>\n","protected":false},"author":1,"featured_media":0,"parent":0,"menu_order":0,"comment_status":"closed","ping_status":"closed","template":"","meta":{"footnotes":""},"class_list":["post-1326","page","type-page","status-publish","hentry"],"_links":{"self":[{"href":"https:\/\/mozsharpen.co.mz\/index.php?rest_route=\/wp\/v2\/pages\/1326","targetHints":{"allow":["GET"]}}],"collection":[{"href":"https:\/\/mozsharpen.co.mz\/index.php?rest_route=\/wp\/v2\/pages"}],"about":[{"href":"https:\/\/mozsharpen.co.mz\/index.php?rest_route=\/wp\/v2\/types\/page"}],"author":[{"embeddable":true,"href":"https:\/\/mozsharpen.co.mz\/index.php?rest_route=\/wp\/v2\/users\/1"}],"replies":[{"embeddable":true,"href":"https:\/\/mozsharpen.co.mz\/index.php?rest_route=%2Fwp%2Fv2%2Fcomments&post=1326"}],"version-history":[{"count":26,"href":"https:\/\/mozsharpen.co.mz\/index.php?rest_route=\/wp\/v2\/pages\/1326\/revisions"}],"predecessor-version":[{"id":3231,"href":"https:\/\/mozsharpen.co.mz\/index.php?rest_route=\/wp\/v2\/pages\/1326\/revisions\/3231"}],"wp:attachment":[{"href":"https:\/\/mozsharpen.co.mz\/index.php?rest_route=%2Fwp%2Fv2%2Fmedia&parent=1326"}],"curies":[{"name":"wp","href":"https:\/\/api.w.org\/{rel}","templated":true}]}}