{"id":1395,"date":"2025-09-16T04:08:49","date_gmt":"2025-09-16T04:08:49","guid":{"rendered":"https:\/\/luxenest.sva.la-studioweb.com\/?page_id=1395"},"modified":"2025-11-26T09:29:12","modified_gmt":"2025-11-26T09:29:12","slug":"luxenest-faqs","status":"publish","type":"page","link":"https:\/\/mozsharpen.co.mz\/?page_id=1395","title":{"rendered":"FAQs"},"content":{"rendered":"\t\t<div data-elementor-type=\"wp-page\" data-elementor-id=\"1395\" class=\"elementor elementor-1395\">\n\t\t\t\t<div class=\"elementor-element elementor-element-352235e e-flex e-con-boxed lakit-col-width-auto-no e-container e-root-container elementor-top-section e-con e-parent\" data-id=\"352235e\" data-element_type=\"container\">\n\t\t\t\t\t<div class=\"e-con-inner\">\n\t\t\t\t<div class=\"elementor-element elementor-element-d96e9dd lakit-breadcrumbs-page-title-yes lakit-breadcrumbs-align-center elementor-widget lastudio-kit elementor-lakit-breadcrumbs\" data-id=\"d96e9dd\" data-element_type=\"widget\" data-widget_type=\"lakit-breadcrumbs.default\">\n\t\t\t\t\t\n\t\t<div class=\"lakit-breadcrumbs\"><h1 class=\"lakit-breadcrumbs__title\">Perguntas Frequentes<\/h1>\n\t\t<div class=\"lakit-breadcrumbs__content\">\n\t\t<div class=\"lakit-breadcrumbs__wrap\"><div class=\"lakit-breadcrumbs__item\"><span class=\"lakit-breadcrumbs__item-target\">Perguntas Frequentes<\/span><\/div>\n\t\t<\/div>\n\t\t<\/div>\n\t\t<\/div>\t\t\t\t<\/div>\n\t\t\t\t\t<\/div>\n\t\t\t\t<\/div>\n\t\t<div class=\"elementor-element elementor-element-a91bb68 e-flex e-con-boxed lakit-col-width-auto-no e-container e-root-container elementor-top-section e-con e-parent\" data-id=\"a91bb68\" data-element_type=\"container\">\n\t\t\t\t\t<div class=\"e-con-inner\">\n\t\t<div class=\"elementor-element elementor-element-d8dee73 e-con-full e-flex lakit-col-width-auto-no e-container e-con e-child\" data-id=\"d8dee73\" data-element_type=\"container\">\n\t\t<div class=\"elementor-element elementor-element-b833c9d e-con-full e-flex lakit-col-width-auto-no e-container e-con e-child\" data-id=\"b833c9d\" data-element_type=\"container\">\n\t\t\t\t<div class=\"elementor-element elementor-element-aa69d39 elementor-widget elementor-widget-heading\" data-id=\"aa69d39\" data-element_type=\"widget\" data-widget_type=\"heading.default\">\n\t\t\t\t\t<h2 class=\"elementor-heading-title elementor-size-default\">O que \u00e9 lacar madeira?<\/h2>\t\t\t\t<\/div>\n\t\t\t\t<div class=\"elementor-element elementor-element-56e6d68 elementor-widget elementor-widget-text-editor\" data-id=\"56e6d68\" data-element_type=\"widget\" data-widget_type=\"text-editor.default\">\n\t\t\t\t\t\t\t\t\t<p>Lacar madeira \u00e9 aplicar uma tinta especial (laca) que cria um acabamento <strong data-start=\"460\" data-end=\"491\">liso, uniforme e resistente<\/strong>. \u00c9 ideal para portas, m\u00f3veis e carpintarias, garantindo maior durabilidade e est\u00e9tica moderna.<\/p>\t\t\t\t\t\t\t\t<\/div>\n\t\t\t\t<div class=\"elementor-element elementor-element-89c93ae elementor-widget-divider--view-line elementor-widget elementor-widget-divider\" data-id=\"89c93ae\" data-element_type=\"widget\" data-widget_type=\"divider.default\">\n\t\t\t\t\t\t\t<div class=\"elementor-divider\">\n\t\t\t<span class=\"elementor-divider-separator\">\n\t\t\t\t\t\t<\/span>\n\t\t<\/div>\n\t\t\t\t\t\t<\/div>\n\t\t\t\t<\/div>\n\t\t<div class=\"elementor-element elementor-element-63de957 e-con-full e-flex lakit-col-width-auto-no e-container e-con e-child\" data-id=\"63de957\" data-element_type=\"container\">\n\t\t\t\t<div class=\"elementor-element elementor-element-7694bf3 elementor-widget elementor-widget-heading\" data-id=\"7694bf3\" data-element_type=\"widget\" data-widget_type=\"heading.default\">\n\t\t\t\t\t<h2 class=\"elementor-heading-title elementor-size-default\">A MozSharpen vende tintas para interior e exterior?<\/h2>\t\t\t\t<\/div>\n\t\t\t\t<div class=\"elementor-element elementor-element-1baf3a1 elementor-widget elementor-widget-text-editor\" data-id=\"1baf3a1\" data-element_type=\"widget\" data-widget_type=\"text-editor.default\">\n\t\t\t\t\t\t\t\t\t<p>Sim. Temos linhas completas para ambos os usos, incluindo produtos <strong data-start=\"723\" data-end=\"777\">resistentes \u00e0 humidade, sol e varia\u00e7\u00f5es clim\u00e1ticas<\/strong>, feitos especialmente para o clima tropical de Mo\u00e7ambique.<\/p>\t\t\t\t\t\t\t\t<\/div>\n\t\t\t\t<div class=\"elementor-element elementor-element-42b1045 elementor-widget-divider--view-line elementor-widget elementor-widget-divider\" data-id=\"42b1045\" data-element_type=\"widget\" data-widget_type=\"divider.default\">\n\t\t\t\t\t\t\t<div class=\"elementor-divider\">\n\t\t\t<span class=\"elementor-divider-separator\">\n\t\t\t\t\t\t<\/span>\n\t\t<\/div>\n\t\t\t\t\t\t<\/div>\n\t\t\t\t<\/div>\n\t\t\t\t<\/div>\n\t\t<div class=\"elementor-element elementor-element-14f2488 e-con-full e-flex lakit-col-width-auto-no e-container e-con e-child\" data-id=\"14f2488\" data-element_type=\"container\">\n\t\t<div class=\"elementor-element elementor-element-2e3882e e-con-full e-flex lakit-col-width-auto-no e-container e-con e-child\" data-id=\"2e3882e\" data-element_type=\"container\">\n\t\t\t\t<div class=\"elementor-element elementor-element-479d68f elementor-widget elementor-widget-heading\" data-id=\"479d68f\" data-element_type=\"widget\" data-widget_type=\"heading.default\">\n\t\t\t\t\t<h2 class=\"elementor-heading-title elementor-size-default\">Os produtos s\u00e3o de origem portuguesa?<\/h2>\t\t\t\t<\/div>\n\t\t\t\t<div class=\"elementor-element elementor-element-0038a76 elementor-widget elementor-widget-text-editor\" data-id=\"0038a76\" data-element_type=\"widget\" data-widget_type=\"text-editor.default\">\n\t\t\t\t\t\t\t\t\t<p>Sim. Todos os nossos produtos v\u00eam de fabricantes portugueses certificados, garantindo <strong data-start=\"978\" data-end=\"1000\">qualidade europeia<\/strong> e excelente desempenho em madeiras locais como umbila ou chanfuta.<\/p>\t\t\t\t\t\t\t\t<\/div>\n\t\t\t\t<div class=\"elementor-element elementor-element-4d1e571 elementor-widget-divider--view-line elementor-widget elementor-widget-divider\" data-id=\"4d1e571\" data-element_type=\"widget\" data-widget_type=\"divider.default\">\n\t\t\t\t\t\t\t<div class=\"elementor-divider\">\n\t\t\t<span class=\"elementor-divider-separator\">\n\t\t\t\t\t\t<\/span>\n\t\t<\/div>\n\t\t\t\t\t\t<\/div>\n\t\t\t\t<\/div>\n\t\t<div class=\"elementor-element elementor-element-fce2f16 e-con-full e-flex lakit-col-width-auto-no e-container e-con e-child\" data-id=\"fce2f16\" data-element_type=\"container\">\n\t\t\t\t<div class=\"elementor-element elementor-element-13cab54 elementor-widget elementor-widget-heading\" data-id=\"13cab54\" data-element_type=\"widget\" data-widget_type=\"heading.default\">\n\t\t\t\t\t<h2 class=\"elementor-heading-title elementor-size-default\">A MozSharpen oferece consultoria t\u00e9cnica?<\/h2>\t\t\t\t<\/div>\n\t\t\t\t<div class=\"elementor-element elementor-element-b447a4b elementor-widget elementor-widget-text-editor\" data-id=\"b447a4b\" data-element_type=\"widget\" data-widget_type=\"text-editor.default\">\n\t\t\t\t\t\t\t\t\t<p>Sim. A nossa equipa fornece <strong data-start=\"1155\" data-end=\"1178\">orienta\u00e7\u00e3o gratuita<\/strong>, ajudando a escolher o produto ideal, o tipo de acabamento e o processo correto de aplica\u00e7\u00e3o.<\/p>\t\t\t\t\t\t\t\t<\/div>\n\t\t\t\t<div class=\"elementor-element elementor-element-ba35ec3 elementor-widget-divider--view-line elementor-widget elementor-widget-divider\" data-id=\"ba35ec3\" data-element_type=\"widget\" data-widget_type=\"divider.default\">\n\t\t\t\t\t\t\t<div class=\"elementor-divider\">\n\t\t\t<span class=\"elementor-divider-separator\">\n\t\t\t\t\t\t<\/span>\n\t\t<\/div>\n\t\t\t\t\t\t<\/div>\n\t\t\t\t<\/div>\n\t\t\t\t<\/div>\n\t\t\t\t\t<\/div>\n\t\t\t\t<\/div>\n\t\t\t\t<\/div>\n\t\t","protected":false},"excerpt":{"rendered":"<p>Perguntas Frequentes Perguntas Frequentes O que \u00e9 lacar madeira? Lacar madeira \u00e9 aplicar uma tinta especial (laca) que cria um acabamento liso, uniforme e resistente. \u00c9 ideal para portas, m\u00f3veis e carpintarias, garantindo maior durabilidade e est\u00e9tica moderna. A MozSharpen vende tintas para interior e exterior? Sim. Temos linhas completas&hellip;<\/p>\n","protected":false},"author":1,"featured_media":0,"parent":0,"menu_order":0,"comment_status":"closed","ping_status":"closed","template":"","meta":{"footnotes":""},"class_list":["post-1395","page","type-page","status-publish","hentry"],"_links":{"self":[{"href":"https:\/\/mozsharpen.co.mz\/index.php?rest_route=\/wp\/v2\/pages\/1395","targetHints":{"allow":["GET"]}}],"collection":[{"href":"https:\/\/mozsharpen.co.mz\/index.php?rest_route=\/wp\/v2\/pages"}],"about":[{"href":"https:\/\/mozsharpen.co.mz\/index.php?rest_route=\/wp\/v2\/types\/page"}],"author":[{"embeddable":true,"href":"https:\/\/mozsharpen.co.mz\/index.php?rest_route=\/wp\/v2\/users\/1"}],"replies":[{"embeddable":true,"href":"https:\/\/mozsharpen.co.mz\/index.php?rest_route=%2Fwp%2Fv2%2Fcomments&post=1395"}],"version-history":[{"count":10,"href":"https:\/\/mozsharpen.co.mz\/index.php?rest_route=\/wp\/v2\/pages\/1395\/revisions"}],"predecessor-version":[{"id":3225,"href":"https:\/\/mozsharpen.co.mz\/index.php?rest_route=\/wp\/v2\/pages\/1395\/revisions\/3225"}],"wp:attachment":[{"href":"https:\/\/mozsharpen.co.mz\/index.php?rest_route=%2Fwp%2Fv2%2Fmedia&parent=1395"}],"curies":[{"name":"wp","href":"https:\/\/api.w.org\/{rel}","templated":true}]}}