{"id":2297,"date":"2025-09-03T04:40:28","date_gmt":"2025-09-03T04:40:28","guid":{"rendered":"https:\/\/luxenest.sva.la-studioweb.com\/?page_id=2"},"modified":"2025-11-26T09:27:30","modified_gmt":"2025-11-26T09:27:30","slug":"luxenest-about-us","status":"publish","type":"page","link":"https:\/\/mozsharpen.co.mz\/?page_id=2297","title":{"rendered":"Sobre"},"content":{"rendered":"\t\t<div data-elementor-type=\"wp-page\" data-elementor-id=\"2297\" class=\"elementor elementor-2297\">\n\t\t\t\t<div class=\"elementor-element elementor-element-0fae9b3 e-con-full e-flex lakit-col-width-auto-no e-container e-root-container elementor-top-section e-con e-parent\" data-id=\"0fae9b3\" data-element_type=\"container\" data-settings=\"{&quot;background_background&quot;:&quot;classic&quot;}\">\n\t\t\t\t<div class=\"elementor-element elementor-element-5ad10f4 elementor-widget-tablet__width-initial elementor-widget elementor-widget-heading\" data-id=\"5ad10f4\" data-element_type=\"widget\" data-widget_type=\"heading.default\">\n\t\t\t\t\t<h1 class=\"elementor-heading-title elementor-size-default\">Especialistas em Solu\u00e7\u00f5es para Lacagem de Madeiras<\/h1>\t\t\t\t<\/div>\n\t\t\t\t<\/div>\n\t\t<div class=\"elementor-element elementor-element-ec5478b e-flex e-con-boxed lakit-col-width-auto-no e-container e-root-container elementor-top-section e-con e-parent\" data-id=\"ec5478b\" data-element_type=\"container\">\n\t\t\t\t\t<div class=\"e-con-inner\">\n\t\t\t\t<div class=\"elementor-element elementor-element-a1a6d2e elementor-widget elementor-widget-heading\" data-id=\"a1a6d2e\" data-element_type=\"widget\" data-widget_type=\"heading.default\">\n\t\t\t\t\t<h2 class=\"elementor-heading-title elementor-size-default\">Sobre n\u00f3s<\/h2>\t\t\t\t<\/div>\n\t\t\t\t\t<\/div>\n\t\t\t\t<\/div>\n\t\t<div class=\"elementor-element elementor-element-7d765ca e-flex e-con-boxed lakit-col-width-auto-no e-container e-root-container elementor-top-section e-con e-parent\" data-id=\"7d765ca\" data-element_type=\"container\">\n\t\t\t\t\t<div class=\"e-con-inner\">\n\t\t\t\t<div class=\"elementor-element elementor-element-d126587 elementor-widget-divider--view-line elementor-widget elementor-widget-divider\" data-id=\"d126587\" data-element_type=\"widget\" data-widget_type=\"divider.default\">\n\t\t\t\t\t\t\t<div class=\"elementor-divider\">\n\t\t\t<span class=\"elementor-divider-separator\">\n\t\t\t\t\t\t<\/span>\n\t\t<\/div>\n\t\t\t\t\t\t<\/div>\n\t\t\t\t\t<\/div>\n\t\t\t\t<\/div>\n\t\t<div class=\"elementor-element elementor-element-a1fc88e e-flex e-con-boxed lakit-col-width-auto-no e-container e-root-container elementor-top-section e-con e-parent\" data-id=\"a1fc88e\" data-element_type=\"container\">\n\t\t\t\t\t<div class=\"e-con-inner\">\n\t\t\t\t<div class=\"elementor-element elementor-element-309a6f6 elementor-widget elementor-widget-text-editor\" data-id=\"309a6f6\" data-element_type=\"widget\" data-widget_type=\"text-editor.default\">\n\t\t\t\t\t\t\t\t\t<h5>Quem Somos?<\/h5>\t\t\t\t\t\t\t\t<\/div>\n\t\t\t\t\t<\/div>\n\t\t\t\t<\/div>\n\t\t<div class=\"elementor-element elementor-element-55e8940 e-flex e-con-boxed lakit-col-width-auto-no e-container e-root-container elementor-top-section e-con e-parent\" data-id=\"55e8940\" data-element_type=\"container\">\n\t\t\t\t\t<div class=\"e-con-inner\">\n\t\t\t\t<div class=\"elementor-element elementor-element-20f89b9 elementor-widget elementor-widget-text-editor\" data-id=\"20f89b9\" data-element_type=\"widget\" data-widget_type=\"text-editor.default\">\n\t\t\t\t\t\t\t\t\t<p data-start=\"255\" data-end=\"648\">A MozSharpen \u00e9 uma empresa mo\u00e7ambicana especializada em solu\u00e7\u00f5es profissionais para lacagem, prote\u00e7\u00e3o e acabamento de madeiras.<br data-start=\"390\" data-end=\"393\" \/>Fundada com o compromisso de oferecer qualidade superior, trabalhamos com produtos de origem portuguesa, desenvolvidos para garantir durabilidade, resist\u00eancia e um acabamento impec\u00e1vel, adaptado \u00e0s condi\u00e7\u00f5es clim\u00e1ticas tropicais de Mo\u00e7ambique.<\/p><p data-start=\"650\" data-end=\"896\">Desde a nossa cria\u00e7\u00e3o, atuamos com foco em inova\u00e7\u00e3o, sustentabilidade e excel\u00eancia t\u00e9cnica, fornecendo tintas, prim\u00e1rios, vernizes e produtos complementares que elevam o padr\u00e3o de acabamento em projetos residenciais, comerciais e industriais.<\/p>\t\t\t\t\t\t\t\t<\/div>\n\t\t\t\t\t<\/div>\n\t\t\t\t<\/div>\n\t\t<div class=\"elementor-element elementor-element-47059c3 e-flex e-con-boxed lakit-col-width-auto-no e-container e-root-container elementor-top-section e-con e-parent\" data-id=\"47059c3\" data-element_type=\"container\">\n\t\t\t\t\t<div class=\"e-con-inner\">\n\t\t\t\t<div class=\"elementor-element elementor-element-e381938 elementor-widget elementor-widget-spacer\" data-id=\"e381938\" data-element_type=\"widget\" data-widget_type=\"spacer.default\">\n\t\t\t\t\t\t\t<div class=\"elementor-spacer\">\n\t\t\t<div class=\"elementor-spacer-inner\"><\/div>\n\t\t<\/div>\n\t\t\t\t\t\t<\/div>\n\t\t\t\t\t<\/div>\n\t\t\t\t<\/div>\n\t\t<div class=\"elementor-element elementor-element-66841aa e-flex e-con-boxed lakit-col-width-auto-no e-container e-root-container elementor-top-section e-con e-parent\" data-id=\"66841aa\" data-element_type=\"container\">\n\t\t\t\t\t<div class=\"e-con-inner\">\n\t\t\t\t<div class=\"elementor-element elementor-element-1595666 elementor-widget elementor-widget-heading\" data-id=\"1595666\" data-element_type=\"widget\" data-widget_type=\"heading.default\">\n\t\t\t\t\t<h2 class=\"elementor-heading-title elementor-size-default\">Por que escolher a\nMozsharpen?<\/h2>\t\t\t\t<\/div>\n\t\t\t\t\t<\/div>\n\t\t\t\t<\/div>\n\t\t<div class=\"elementor-element elementor-element-6bc6a66 e-flex e-con-boxed lakit-col-width-auto-no e-container e-root-container elementor-top-section e-con e-parent\" data-id=\"6bc6a66\" data-element_type=\"container\">\n\t\t\t\t\t<div class=\"e-con-inner\">\n\t\t\t\t<div class=\"elementor-element elementor-element-919ac47 elementor-widget elementor-widget-text-editor\" data-id=\"919ac47\" data-element_type=\"widget\" data-widget_type=\"text-editor.default\">\n\t\t\t\t\t\t\t\t\t<p><strong data-start=\"1769\" data-end=\"1793\">Qualidade Garantida<\/strong><\/p><p>Produtos testados e aprovados por padr\u00f5es europeus.<br data-start=\"1845\" data-end=\"1848\" \/><strong data-start=\"1850\" data-end=\"1871\">Sustentabilidade<\/strong><\/p><p>Compromisso com o uso respons\u00e1vel dos recursos naturais.<br data-start=\"1928\" data-end=\"1931\" \/><strong data-start=\"1933\" data-end=\"1952\">Equipa T\u00e9cnica<\/strong><\/p><p>Consultoria gratuita e apoio especializado em cada projeto.<br data-start=\"2012\" data-end=\"2015\" \/><strong data-start=\"2017\" data-end=\"2042\">Parcerias e Inova\u00e7\u00e3o<\/strong><\/p><p>Trabalhamos lado a lado com artes\u00e3os, construtoras e fornecedores locais.<\/p>\t\t\t\t\t\t\t\t<\/div>\n\t\t\t\t\t<\/div>\n\t\t\t\t<\/div>\n\t\t<div class=\"elementor-element elementor-element-5bb7014 e-flex e-con-boxed lakit-col-width-auto-no e-container e-root-container elementor-top-section e-con e-parent\" data-id=\"5bb7014\" data-element_type=\"container\">\n\t\t\t\t\t<div class=\"e-con-inner\">\n\t\t\t\t<div class=\"elementor-element elementor-element-114911f elementor-widget elementor-widget-heading\" data-id=\"114911f\" data-element_type=\"widget\" data-widget_type=\"heading.default\">\n\t\t\t\t\t<h2 class=\"elementor-heading-title elementor-size-default\">nOSSA HIST\u00d3RIA<\/h2>\t\t\t\t<\/div>\n\t\t\t\t\t<\/div>\n\t\t\t\t<\/div>\n\t\t<div class=\"elementor-element elementor-element-6384988 e-flex e-con-boxed lakit-col-width-auto-no e-container e-root-container elementor-top-section e-con e-parent\" data-id=\"6384988\" data-element_type=\"container\">\n\t\t\t\t\t<div class=\"e-con-inner\">\n\t\t\t\t<div class=\"elementor-element elementor-element-a10e340 widget_full_right elementor-widget lastudio-kit elementor-lakit-timeline-horizontal\" data-id=\"a10e340\" data-element_type=\"widget\" data-widget_type=\"lakit-timeline-horizontal.default\">\n\t\t\t\t\t\n<div class=\"lakit-htimeline lakit-htimeline--layout-chess lakit-htimeline--align-left lakit-htimeline--full-timeline\" data-columns=\"{&quot;desktop&quot;:2.6,&quot;tablet&quot;:2.6,&quot;mobile&quot;:2.6}\">\n\t<div class=\"lakit-htimeline-inner\">\n\t\t<div class=\"lakit-htimeline-track\">\n            <div class=\"lakit-htimeline-list lakit-htimeline-list--top\">\n<div class=\"lakit-htimeline-item elementor-repeater-item-4388c98\" data-item-id=\"4388c98\">\n\t\n<div class=\"lakit-htimeline-item__card\">\n\t<div class=\"lakit-htimeline-item__card-inner\">\n\t\t<div class=\"lakit-htimeline-item__meta\">2025<\/div><div class=\"card-inner2\"><h3 class=\"lakit-htimeline-item__card-title\">Presente<\/h3><div class=\"lakit-htimeline-item__card-desc\">Com tr\u00eas anos de experi\u00eancia e crescimento cont\u00ednuo, a Mozsharpen segue comprometida em elevar o padr\u00e3o da lacagem em Mo\u00e7ambique, unindo qualidade portuguesa e dedica\u00e7\u00e3o mo\u00e7ambicana.\nO futuro \u00e9 de inova\u00e7\u00e3o, parceria e sustentabilidade, com o objetivo de transformar cada projeto de madeira em uma obra duradoura e de excel\u00eancia.<\/div><\/div>\t<\/div>\n\t<\/div>\n<\/div>\n\n<div class=\"lakit-htimeline-item elementor-repeater-item-2e6c013\" data-item-id=\"2e6c013\">\n\t\n<div class=\"lakit-htimeline-item__card\">\n\t<div class=\"lakit-htimeline-item__card-inner\">\n\t\t<div class=\"lakit-htimeline-item__meta\">2024<\/div><div class=\"card-inner2\"><h3 class=\"lakit-htimeline-item__card-title\">Expans\u00e3o e Reconhecimento<\/h3><div class=\"lakit-htimeline-item__card-desc\">Com a excelente aceita\u00e7\u00e3o dos clientes e parceiros, a Mozsharpen expandiu a sua presen\u00e7a para outras prov\u00edncias, refor\u00e7ando a rede de distribui\u00e7\u00e3o e aumentando a capacidade de stock e atendimento t\u00e9cnico.\nDurante este per\u00edodo, foram realizados workshops e demonstra\u00e7\u00f5es pr\u00e1ticas para profissionais do setor, fortalecendo a marca como sin\u00f3nimo de confian\u00e7a e inova\u00e7\u00e3o.<\/div><\/div>\t<\/div>\n\t<\/div>\n<\/div>\n\n<div class=\"lakit-htimeline-item elementor-repeater-item-af30d48\" data-item-id=\"af30d48\">\n\t\n<div class=\"lakit-htimeline-item__card\">\n\t<div class=\"lakit-htimeline-item__card-inner\">\n\t\t<div class=\"lakit-htimeline-item__meta\">2023<\/div><div class=\"card-inner2\"><h3 class=\"lakit-htimeline-item__card-title\">Primeiros Passos<\/h3><div class=\"lakit-htimeline-item__card-desc\">A Mozsharpen iniciou as suas atividades em Maputo, com o objetivo de introduzir no mercado mo\u00e7ambicano tintas e prim\u00e1rios de alto desempenho produzidos em Portugal.\nNeste primeiro ano, o foco foi a cria\u00e7\u00e3o de parcerias estrat\u00e9gicas com fornecedores internacionais e o lan\u00e7amento da primeira linha de produtos adaptados ao clima tropical.<\/div><\/div>\t<\/div>\n\t<\/div>\n<\/div>\n<\/div>\t\t<\/div>\n        <div class=\"lakit-htimeline-track lakit-htimeline-track--bars\">\n    <div class=\"lakit-htimeline-list lakit-htimeline-list--timeline\">\n<div class=\"lakit-htimeline-timelinebar elementor-repeater-item-4388c98\" data-item-id=\"4388c98\">\n\t<div>2025<\/div><div class=\"lakit-htimeline-item__card-arrow\"><\/div><\/div>\n<div class=\"lakit-htimeline-timelinebar elementor-repeater-item-2e6c013\" data-item-id=\"2e6c013\">\n\t<div>2024<\/div><div class=\"lakit-htimeline-item__card-arrow\"><\/div><\/div>\n<div class=\"lakit-htimeline-timelinebar elementor-repeater-item-af30d48\" data-item-id=\"af30d48\">\n\t<div>2023<\/div><div class=\"lakit-htimeline-item__card-arrow\"><\/div><\/div>\n    <\/div>\n<\/div>\n<div class=\"lakit-htimeline-timeline-progress-bar\"><\/div>\t<\/div>\n\t<\/div>\t\t\t\t<\/div>\n\t\t\t\t\t<\/div>\n\t\t\t\t<\/div>\n\t\t<div class=\"elementor-element elementor-element-2c5ceca e-con-full e-flex lakit-col-width-auto-no e-container e-root-container elementor-top-section e-con e-parent\" data-id=\"2c5ceca\" data-element_type=\"container\" data-settings=\"{&quot;background_background&quot;:&quot;classic&quot;}\">\n\t\t<div class=\"elementor-element elementor-element-8c5f6a7 e-con-full e-flex lakit-col-width-auto-no e-container e-con e-child\" data-id=\"8c5f6a7\" data-element_type=\"container\" data-settings=\"{&quot;background_background&quot;:&quot;classic&quot;}\">\n\t\t\t\t<div class=\"elementor-element elementor-element-5162c1e elementor-widget__width-initial elementor-widget-tablet__width-initial elementor-widget elementor-widget-heading\" data-id=\"5162c1e\" data-element_type=\"widget\" data-widget_type=\"heading.default\">\n\t\t\t\t\t<h2 class=\"elementor-heading-title elementor-size-default\">A nossa Filosofia<\/h2>\t\t\t\t<\/div>\n\t\t\t\t<div class=\"elementor-element elementor-element-34e88bd elementor-widget-divider--view-line elementor-widget elementor-widget-divider\" data-id=\"34e88bd\" data-element_type=\"widget\" data-widget_type=\"divider.default\">\n\t\t\t\t\t\t\t<div class=\"elementor-divider\">\n\t\t\t<span class=\"elementor-divider-separator\">\n\t\t\t\t\t\t<\/span>\n\t\t<\/div>\n\t\t\t\t\t\t<\/div>\n\t\t\t\t<\/div>\n\t\t<div class=\"elementor-element elementor-element-67388e0 e-con-full e-flex lakit-col-width-auto-no e-container e-con e-child\" data-id=\"67388e0\" data-element_type=\"container\">\n\t\t<div class=\"elementor-element elementor-element-5ab38c1 e-con-full widget_full_right e-flex lakit-col-width-auto-no e-container e-con e-child\" data-id=\"5ab38c1\" data-element_type=\"container\" data-settings=\"{&quot;background_background&quot;:&quot;classic&quot;}\">\n\t\t<div class=\"elementor-element elementor-element-6a0f4aa e-con-full e-flex lakit-col-width-auto-no e-container e-con e-child\" data-id=\"6a0f4aa\" data-element_type=\"container\">\n\t\t\t\t<div class=\"elementor-element elementor-element-ed99ffb elementor-position-left elementor-widget__width-initial elementor-mobile-position-left elementor-widget-tablet__width-inherit elementor-view-default elementor-widget elementor-widget-icon-box\" data-id=\"ed99ffb\" data-element_type=\"widget\" data-widget_type=\"icon-box.default\">\n\t\t\t\t\t\t\t<div class=\"elementor-icon-box-wrapper\">\n\n\t\t\t\t\t\t<div class=\"elementor-icon-box-icon\">\n\t\t\t\t<span  class=\"elementor-icon\">\n\t\t\t\t<svg aria-hidden=\"true\" class=\"e-font-icon-svg e-fas-bullseye\" viewBox=\"0 0 496 512\" xmlns=\"http:\/\/www.w3.org\/2000\/svg\"><path d=\"M248 8C111.03 8 0 119.03 0 256s111.03 248 248 248 248-111.03 248-248S384.97 8 248 8zm0 432c-101.69 0-184-82.29-184-184 0-101.69 82.29-184 184-184 101.69 0 184 82.29 184 184 0 101.69-82.29 184-184 184zm0-312c-70.69 0-128 57.31-128 128s57.31 128 128 128 128-57.31 128-128-57.31-128-128-128zm0 192c-35.29 0-64-28.71-64-64s28.71-64 64-64 64 28.71 64 64-28.71 64-64 64z\"><\/path><\/svg>\t\t\t\t<\/span>\n\t\t\t<\/div>\n\t\t\t\n\t\t\t\t\t\t<div class=\"elementor-icon-box-content\">\n\n\t\t\t\t\t\t\t\t\t<h3 class=\"elementor-icon-box-title\">\n\t\t\t\t\t\t<span  >\n\t\t\t\t\t\t\tMiss\u00e3o\t\t\t\t\t\t<\/span>\n\t\t\t\t\t<\/h3>\n\t\t\t\t\n\t\t\t\t\t\t\t\t\t<p class=\"elementor-icon-box-description\">\n\t\t\t\t\t\tFornecer solu\u00e7\u00f5es de alta qualidade para lacagem e prote\u00e7\u00e3o de madeiras, combinando tecnologia portuguesa com conhecimento do mercado mo\u00e7ambicano, garantindo durabilidade, beleza e sustentabilidade em cada projeto\t\t\t\t\t<\/p>\n\t\t\t\t\n\t\t\t<\/div>\n\t\t\t\n\t\t<\/div>\n\t\t\t\t\t\t<\/div>\n\t\t\t\t<div class=\"elementor-element elementor-element-3111076 elementor-widget-divider--view-line elementor-widget elementor-widget-divider\" data-id=\"3111076\" data-element_type=\"widget\" data-widget_type=\"divider.default\">\n\t\t\t\t\t\t\t<div class=\"elementor-divider\">\n\t\t\t<span class=\"elementor-divider-separator\">\n\t\t\t\t\t\t<\/span>\n\t\t<\/div>\n\t\t\t\t\t\t<\/div>\n\t\t\t\t<div class=\"elementor-element elementor-element-6934416 elementor-position-left elementor-widget__width-initial elementor-mobile-position-left elementor-widget-tablet__width-inherit elementor-view-default elementor-widget elementor-widget-icon-box\" data-id=\"6934416\" data-element_type=\"widget\" data-widget_type=\"icon-box.default\">\n\t\t\t\t\t\t\t<div class=\"elementor-icon-box-wrapper\">\n\n\t\t\t\t\t\t<div class=\"elementor-icon-box-icon\">\n\t\t\t\t<span  class=\"elementor-icon\">\n\t\t\t\t<svg aria-hidden=\"true\" class=\"e-font-icon-svg e-fas-eye\" viewBox=\"0 0 576 512\" xmlns=\"http:\/\/www.w3.org\/2000\/svg\"><path d=\"M572.52 241.4C518.29 135.59 410.93 64 288 64S57.68 135.64 3.48 241.41a32.35 32.35 0 0 0 0 29.19C57.71 376.41 165.07 448 288 448s230.32-71.64 284.52-177.41a32.35 32.35 0 0 0 0-29.19zM288 400a144 144 0 1 1 144-144 143.93 143.93 0 0 1-144 144zm0-240a95.31 95.31 0 0 0-25.31 3.79 47.85 47.85 0 0 1-66.9 66.9A95.78 95.78 0 1 0 288 160z\"><\/path><\/svg>\t\t\t\t<\/span>\n\t\t\t<\/div>\n\t\t\t\n\t\t\t\t\t\t<div class=\"elementor-icon-box-content\">\n\n\t\t\t\t\t\t\t\t\t<h3 class=\"elementor-icon-box-title\">\n\t\t\t\t\t\t<span  >\n\t\t\t\t\t\t\tVis\u00e3o\t\t\t\t\t\t<\/span>\n\t\t\t\t\t<\/h3>\n\t\t\t\t\n\t\t\t\t\t\t\t\t\t<p class=\"elementor-icon-box-description\">\n\t\t\t\t\t\tSer reconhecida como a empresa l\u00edder em solu\u00e7\u00f5es de acabamento para madeiras em Mo\u00e7ambique, promovendo inova\u00e7\u00e3o, pr\u00e1ticas ecol\u00f3gicas e parcerias s\u00f3lidas que elevem o padr\u00e3o de qualidade no setor.\t\t\t\t\t<\/p>\n\t\t\t\t\n\t\t\t<\/div>\n\t\t\t\n\t\t<\/div>\n\t\t\t\t\t\t<\/div>\n\t\t\t\t<div class=\"elementor-element elementor-element-a62f07f elementor-widget-divider--view-line elementor-widget elementor-widget-divider\" data-id=\"a62f07f\" data-element_type=\"widget\" data-widget_type=\"divider.default\">\n\t\t\t\t\t\t\t<div class=\"elementor-divider\">\n\t\t\t<span class=\"elementor-divider-separator\">\n\t\t\t\t\t\t<\/span>\n\t\t<\/div>\n\t\t\t\t\t\t<\/div>\n\t\t\t\t<div class=\"elementor-element elementor-element-44f0371 elementor-position-left elementor-widget__width-initial elementor-mobile-position-left elementor-widget-tablet__width-inherit elementor-view-default elementor-widget elementor-widget-icon-box\" data-id=\"44f0371\" data-element_type=\"widget\" data-widget_type=\"icon-box.default\">\n\t\t\t\t\t\t\t<div class=\"elementor-icon-box-wrapper\">\n\n\t\t\t\t\t\t<div class=\"elementor-icon-box-icon\">\n\t\t\t\t<span  class=\"elementor-icon\">\n\t\t\t\t<svg aria-hidden=\"true\" class=\"e-font-icon-svg e-far-handshake\" viewBox=\"0 0 640 512\" xmlns=\"http:\/\/www.w3.org\/2000\/svg\"><path d=\"M519.2 127.9l-47.6-47.6A56.252 56.252 0 0 0 432 64H205.2c-14.8 0-29.1 5.9-39.6 16.3L118 127.9H0v255.7h64c17.6 0 31.8-14.2 31.9-31.7h9.1l84.6 76.4c30.9 25.1 73.8 25.7 105.6 3.8 12.5 10.8 26 15.9 41.1 15.9 18.2 0 35.3-7.4 48.8-24 22.1 8.7 48.2 2.6 64-16.8l26.2-32.3c5.6-6.9 9.1-14.8 10.9-23h57.9c.1 17.5 14.4 31.7 31.9 31.7h64V127.9H519.2zM48 351.6c-8.8 0-16-7.2-16-16s7.2-16 16-16 16 7.2 16 16c0 8.9-7.2 16-16 16zm390-6.9l-26.1 32.2c-2.8 3.4-7.8 4-11.3 1.2l-23.9-19.4-30 36.5c-6 7.3-15 4.8-18 2.4l-36.8-31.5-15.6 19.2c-13.9 17.1-39.2 19.7-55.3 6.6l-97.3-88H96V175.8h41.9l61.7-61.6c2-.8 3.7-1.5 5.7-2.3H262l-38.7 35.5c-29.4 26.9-31.1 72.3-4.4 101.3 14.8 16.2 61.2 41.2 101.5 4.4l8.2-7.5 108.2 87.8c3.4 2.8 3.9 7.9 1.2 11.3zm106-40.8h-69.2c-2.3-2.8-4.9-5.4-7.7-7.7l-102.7-83.4 12.5-11.4c6.5-6 7-16.1 1-22.6L367 167.1c-6-6.5-16.1-6.9-22.6-1l-55.2 50.6c-9.5 8.7-25.7 9.4-34.6 0-9.3-9.9-8.5-25.1 1.2-33.9l65.6-60.1c7.4-6.8 17-10.5 27-10.5l83.7-.2c2.1 0 4.1.8 5.5 2.3l61.7 61.6H544v128zm48 47.7c-8.8 0-16-7.2-16-16s7.2-16 16-16 16 7.2 16 16c0 8.9-7.2 16-16 16z\"><\/path><\/svg>\t\t\t\t<\/span>\n\t\t\t<\/div>\n\t\t\t\n\t\t\t\t\t\t<div class=\"elementor-icon-box-content\">\n\n\t\t\t\t\t\t\t\t\t<h3 class=\"elementor-icon-box-title\">\n\t\t\t\t\t\t<span  >\n\t\t\t\t\t\t\tValores\t\t\t\t\t\t<\/span>\n\t\t\t\t\t<\/h3>\n\t\t\t\t\n\t\t\t\t\t\t\t\t\t<p class=\"elementor-icon-box-description\">\n\t\t\t\t\t\tQualidade <br>\n\nSustentabilidade <br>\n\nInova\u00e7\u00e3o <br>\n\nCliente <br>\n\nProfissionalismo\t\t\t\t\t<\/p>\n\t\t\t\t\n\t\t\t<\/div>\n\t\t\t\n\t\t<\/div>\n\t\t\t\t\t\t<\/div>\n\t\t\t\t<\/div>\n\t\t\t\t<\/div>\n\t\t\t\t<\/div>\n\t\t\t\t<\/div>\n\t\t<div class=\"elementor-element elementor-element-b8dace6 e-flex e-con-boxed lakit-col-width-auto-no e-container e-root-container elementor-top-section e-con e-parent\" data-id=\"b8dace6\" data-element_type=\"container\">\n\t\t\t\t\t<div class=\"e-con-inner\">\n\t\t\t\t<div class=\"elementor-element elementor-element-a225d91 elementor-widget elementor-widget-spacer\" data-id=\"a225d91\" data-element_type=\"widget\" data-widget_type=\"spacer.default\">\n\t\t\t\t\t\t\t<div class=\"elementor-spacer\">\n\t\t\t<div class=\"elementor-spacer-inner\"><\/div>\n\t\t<\/div>\n\t\t\t\t\t\t<\/div>\n\t\t\t\t\t<\/div>\n\t\t\t\t<\/div>\n\t\t\t\t<\/div>\n\t\t","protected":false},"excerpt":{"rendered":"<p>Especialistas em Solu\u00e7\u00f5es para Lacagem de Madeiras Sobre n\u00f3s Quem Somos? A MozSharpen \u00e9 uma empresa mo\u00e7ambicana especializada em solu\u00e7\u00f5es profissionais para lacagem, prote\u00e7\u00e3o e acabamento de madeiras.Fundada com o compromisso de oferecer qualidade superior, trabalhamos com produtos de origem portuguesa, desenvolvidos para garantir durabilidade, resist\u00eancia e um acabamento impec\u00e1vel,&hellip;<\/p>\n","protected":false},"author":1,"featured_media":0,"parent":0,"menu_order":0,"comment_status":"closed","ping_status":"closed","template":"","meta":{"footnotes":""},"class_list":["post-2297","page","type-page","status-publish","hentry"],"_links":{"self":[{"href":"https:\/\/mozsharpen.co.mz\/index.php?rest_route=\/wp\/v2\/pages\/2297","targetHints":{"allow":["GET"]}}],"collection":[{"href":"https:\/\/mozsharpen.co.mz\/index.php?rest_route=\/wp\/v2\/pages"}],"about":[{"href":"https:\/\/mozsharpen.co.mz\/index.php?rest_route=\/wp\/v2\/types\/page"}],"author":[{"embeddable":true,"href":"https:\/\/mozsharpen.co.mz\/index.php?rest_route=\/wp\/v2\/users\/1"}],"replies":[{"embeddable":true,"href":"https:\/\/mozsharpen.co.mz\/index.php?rest_route=%2Fwp%2Fv2%2Fcomments&post=2297"}],"version-history":[{"count":145,"href":"https:\/\/mozsharpen.co.mz\/index.php?rest_route=\/wp\/v2\/pages\/2297\/revisions"}],"predecessor-version":[{"id":3222,"href":"https:\/\/mozsharpen.co.mz\/index.php?rest_route=\/wp\/v2\/pages\/2297\/revisions\/3222"}],"wp:attachment":[{"href":"https:\/\/mozsharpen.co.mz\/index.php?rest_route=%2Fwp%2Fv2%2Fmedia&parent=2297"}],"curies":[{"name":"wp","href":"https:\/\/api.w.org\/{rel}","templated":true}]}}