{"id":2842,"date":"2025-11-14T19:34:45","date_gmt":"2025-11-14T19:34:45","guid":{"rendered":"https:\/\/mozsharpen.co.mz\/web\/?post_type=product&#038;p=2842"},"modified":"2025-11-14T19:35:05","modified_gmt":"2025-11-14T19:35:05","slug":"motoceira-2","status":"publish","type":"product","link":"https:\/\/mozsharpen.co.mz\/?product=motoceira-2","title":{"rendered":"Motoceira"},"content":{"rendered":"<p data-start=\"2135\" data-end=\"2361\"><strong data-start=\"2135\" data-end=\"2149\">Descri\u00e7\u00e3o:<\/strong><br data-start=\"2149\" data-end=\"2152\" \/>Os <strong data-start=\"2155\" data-end=\"2178\">vernizes Mozsharpen<\/strong> protegem a madeira contra agentes externos, oferecendo um <strong data-start=\"2237\" data-end=\"2271\">acabamento natural e duradouro<\/strong>.<br data-start=\"2272\" data-end=\"2275\" \/>Indicados para real\u00e7ar o tom e a textura da madeira, mantendo o seu aspeto original.<\/p>\n<p data-start=\"2363\" data-end=\"2396\"><strong data-start=\"2363\" data-end=\"2394\">Principais Caracter\u00edsticas:<\/strong><\/p>\n<ul data-start=\"2397\" data-end=\"2639\">\n<li data-start=\"2397\" data-end=\"2454\">\n<p data-start=\"2399\" data-end=\"2454\">Acabamentos <strong data-start=\"2411\" data-end=\"2452\">incolor, brilhante, acetinado ou mate<\/strong><\/p>\n<\/li>\n<li data-start=\"2455\" data-end=\"2507\">\n<p data-start=\"2457\" data-end=\"2507\">Alta resist\u00eancia \u00e0 abras\u00e3o, humidade e luz solar<\/p>\n<\/li>\n<li data-start=\"2508\" data-end=\"2544\">\n<p data-start=\"2510\" data-end=\"2544\">Secagem r\u00e1pida e f\u00e1cil aplica\u00e7\u00e3o<\/p>\n<\/li>\n<li data-start=\"2545\" data-end=\"2600\">\n<p data-start=\"2547\" data-end=\"2600\">Dispon\u00edvel em f\u00f3rmulas <strong data-start=\"2570\" data-end=\"2598\">para interior e exterior<\/strong><\/p>\n<\/li>\n<li data-start=\"2601\" data-end=\"2639\">\n<p data-start=\"2603\" data-end=\"2639\">Op\u00e7\u00e3o <strong data-start=\"2609\" data-end=\"2637\">ecol\u00f3gica \u00e0 base de \u00e1gua<\/strong><\/p>\n<\/li>\n<\/ul>\n<p data-start=\"2641\" data-end=\"2754\"><strong data-start=\"2641\" data-end=\"2656\">Aplica\u00e7\u00f5es:<\/strong><br data-start=\"2656\" data-end=\"2659\" \/>\u00a0Pisos, m\u00f3veis, portas, janelas e pain\u00e9is<br data-start=\"2701\" data-end=\"2704\" \/>\u00a0Ideal para ambientes residenciais e comerciais<\/p>\n","protected":false},"excerpt":{"rendered":"<p>Descri\u00e7\u00e3o:Os vernizes Mozsharpen protegem a madeira contra agentes externos, oferecendo um acabamento natural e duradouro.Indicados para real\u00e7ar o tom e a textura da madeira, mantendo o seu aspeto original. Principais Caracter\u00edsticas: Acabamentos incolor, brilhante, acetinado ou mate Alta resist\u00eancia \u00e0 abras\u00e3o, humidade e luz solar Secagem r\u00e1pida e f\u00e1cil aplica\u00e7\u00e3o&hellip;<\/p>\n","protected":false},"featured_media":2729,"comment_status":"open","ping_status":"closed","template":"","meta":[],"product_brand":[],"product_cat":[78],"product_tag":[],"class_list":{"0":"post-2842","1":"product","2":"type-product","3":"status-publish","4":"has-post-thumbnail","6":"product_cat-ferramentas","8":"first","9":"instock","10":"shipping-taxable","11":"purchasable","12":"product-type-simple"},"_links":{"self":[{"href":"https:\/\/mozsharpen.co.mz\/index.php?rest_route=\/wp\/v2\/product\/2842","targetHints":{"allow":["GET"]}}],"collection":[{"href":"https:\/\/mozsharpen.co.mz\/index.php?rest_route=\/wp\/v2\/product"}],"about":[{"href":"https:\/\/mozsharpen.co.mz\/index.php?rest_route=\/wp\/v2\/types\/product"}],"replies":[{"embeddable":true,"href":"https:\/\/mozsharpen.co.mz\/index.php?rest_route=%2Fwp%2Fv2%2Fcomments&post=2842"}],"wp:featuredmedia":[{"embeddable":true,"href":"https:\/\/mozsharpen.co.mz\/index.php?rest_route=\/wp\/v2\/media\/2729"}],"wp:attachment":[{"href":"https:\/\/mozsharpen.co.mz\/index.php?rest_route=%2Fwp%2Fv2%2Fmedia&parent=2842"}],"wp:term":[{"taxonomy":"product_brand","embeddable":true,"href":"https:\/\/mozsharpen.co.mz\/index.php?rest_route=%2Fwp%2Fv2%2Fproduct_brand&post=2842"},{"taxonomy":"product_cat","embeddable":true,"href":"https:\/\/mozsharpen.co.mz\/index.php?rest_route=%2Fwp%2Fv2%2Fproduct_cat&post=2842"},{"taxonomy":"product_tag","embeddable":true,"href":"https:\/\/mozsharpen.co.mz\/index.php?rest_route=%2Fwp%2Fv2%2Fproduct_tag&post=2842"}],"curies":[{"name":"wp","href":"https:\/\/api.w.org\/{rel}","templated":true}]}}